{"id":10364,"date":"2023-01-18T13:10:36","date_gmt":"2023-01-18T12:10:36","guid":{"rendered":"https:\/\/store.thomashuebl.com\/?post_type=product&#038;p=10364"},"modified":"2025-12-16T16:31:23","modified_gmt":"2025-12-16T15:31:23","slug":"principios-misticos-en-la-vida-cotidiana","status":"publish","type":"product","link":"https:\/\/store.thomashuebl.com\/en\/produkt\/principios-misticos-en-la-vida-cotidiana\/","title":{"rendered":"Principios M\u00edsticos En La Vida Cotidiana"},"content":{"rendered":"<p>Thomas H\u00fcbl en conversaci\u00f3n con Stephan Breidenbach<\/p>\n<p>Por Joana Breidenbach (editora), Thomas H\u00fcbl (autor), Stephan Breidenbach (auhor)<\/p>\n<p>Un di\u00e1logo entre el maestro espiritual Thomas H\u00fcbl y el jurista y empresario Stephan Breidenbach sobre los principios m\u00edsticos en la vida cotidiana.<\/p>\n<p>Principios m\u00edsticos en la vida cotidiana es un aporte sagaz y original que enlaza lo m\u00edstico en lo cotidiano. Porque mientras seamos seres que habitan este plano, la m\u00edstica no tiene sentido si no est\u00e1 linkeada con lo que vivimos a diario.<\/p>\n<p>Ocho di\u00e1logos de \u00e1gil lectura y hondo contenido entre el maestro espiritual Thomas H\u00fcbl y el experto en jurisprudencia y empresario Profesor Dr. Stephan Breidenbach acerca del amor, la conexi\u00f3n con nuestro cuerpo y el medio en el que vivimos, el justo lugar de los conceptos intelectuales, la expansi\u00f3n del per\u00edmetro que abarca la conciencia, la responsabilidad para con nosotros mismos y para con los dem\u00e1s, el trauma, la comunicaci\u00f3n transparente como evoluci\u00f3n en la capacidad de relacionarnos. \u00bfC\u00f3mo puede nuestra vida volverse m\u00e1s fluida, m\u00e1s consciente y m\u00e1s completa? \u00bfC\u00f3mo integramos el conocimiento espiritual en el mercado de lo cotidiano?<\/p>\n<p>Editorial: Alma Lepik<br \/>\nPaginas: 120<br \/>\nFormato: 14 X 20 cm<br \/>\nISBN: 9789871522316<\/p>\n<div data-feature-name=\"legalEUAtf\" data-csa-c-id=\"q05a2r-ot55qb-9w335l-7z2v1w\" data-cel-widget=\"legalEUAtf_feature_div\"><\/div>\n<h2>Disponible tambi\u00e9n en otros idiomas:<\/h2>\n<p>El libro tambi\u00e9n est\u00e1 disponible en alem\u00e1n, ingl\u00e9s y chino::<\/p>\n<p><img loading=\"lazy\" decoding=\"async\" class=\"alignnone size-full wp-image-9955\" src=\"https:\/\/store.thomashuebl.com\/wp-content\/uploads\/buch-gespraeche-4sprachen.jpg\" alt=\"\" width=\"1200\" height=\"480\" srcset=\"https:\/\/store.thomashuebl.com\/wp-content\/uploads\/buch-gespraeche-4sprachen.jpg 1200w, https:\/\/store.thomashuebl.com\/wp-content\/uploads\/buch-gespraeche-4sprachen-300x120.jpg 300w, https:\/\/store.thomashuebl.com\/wp-content\/uploads\/buch-gespraeche-4sprachen-1024x410.jpg 1024w, https:\/\/store.thomashuebl.com\/wp-content\/uploads\/buch-gespraeche-4sprachen-768x307.jpg 768w, https:\/\/store.thomashuebl.com\/wp-content\/uploads\/buch-gespraeche-4sprachen-600x240.jpg 600w\" sizes=\"auto, (max-width: 1200px) 100vw, 1200px\" \/><\/p>\n<p>El libro en alem\u00e1n <a href=\"https:\/\/store.thomashuebl.com\/produkt\/mystik-im-alltag-gespraeche-zwischen-thomas-huebl-und-stephan-breidenbach\/\">puede encargarse aqu\u00ed<\/a>.<\/p>\n<p>El libro en ingl\u00e9s <a href=\"https:\/\/store.thomashuebl.com\/en\/produkt\/modern-mystic-principles-for-living-consciously\">puede encargarse aqu\u00ed<\/a>.<\/p>\n<p>Para pedir el libro en chino, p\u00f3ngase en contacto con nosotros por correo electr\u00f3nico en:\u00a0\u68a6\u5a77 <a href=\"mailto:kate@zizaiyuan.org\">kate@zizaiyuan.org<\/a><\/p>\n","protected":false},"excerpt":{"rendered":"<p>A dialogue between the spiritual teacher Thomas H\u00fcbl and the legal scholar and entrepreneur Stephan Breidenbach about mystical principles in everyday life. How can our lives become more flowing, more conscious, more full? How do we integrate spiritual knowledge in the marketplace?<\/p>\n","protected":false},"featured_media":10368,"template":"","meta":[],"product_cat":[65,79],"product_tag":[],"class_list":{"0":"post-10364","1":"product","2":"type-product","3":"status-publish","4":"has-post-thumbnail","6":"product_cat-books","7":"product_cat-de","9":"first","10":"instock","11":"taxable","12":"shipping-taxable","13":"product-type-simple"},"yoast_head":"<!-- This site is optimized with the Yoast SEO plugin v24.1 - https:\/\/yoast.com\/wordpress\/plugins\/seo\/ -->\n<title>Principios M\u00edsticos En La Vida Cotidiana - Thomas H\u00fcbl Media Store<\/title>\n<meta name=\"robots\" content=\"index, follow, max-snippet:-1, max-image-preview:large, max-video-preview:-1\" \/>\n<link rel=\"canonical\" href=\"https:\/\/store.thomashuebl.com\/en\/produkt\/principios-misticos-en-la-vida-cotidiana\/\" \/>\n<meta property=\"og:locale\" content=\"en_US\" \/>\n<meta property=\"og:type\" content=\"article\" \/>\n<meta property=\"og:title\" content=\"Principios M\u00edsticos En La Vida Cotidiana - Thomas H\u00fcbl Media Store\" \/>\n<meta property=\"og:description\" content=\"A dialogue between the spiritual teacher Thomas H\u00fcbl and the legal scholar and entrepreneur Stephan Breidenbach about mystical principles in everyday life. How can our lives become more flowing, more conscious, more full? How do we integrate spiritual knowledge in the marketplace?\" \/>\n<meta property=\"og:url\" content=\"https:\/\/store.thomashuebl.com\/en\/produkt\/principios-misticos-en-la-vida-cotidiana\/\" \/>\n<meta property=\"og:site_name\" content=\"Thomas H\u00fcbl Media Store\" \/>\n<meta property=\"article:publisher\" content=\"https:\/\/www.facebook.com\/Thomas.Huebl.Sangha\/\" \/>\n<meta property=\"article:modified_time\" content=\"2025-12-16T15:31:23+00:00\" \/>\n<meta property=\"og:image\" content=\"https:\/\/store.thomashuebl.com\/wp-content\/uploads\/principos-misticos-en-la-vida-cotidiana-300x300-1.jpg\" \/>\n\t<meta property=\"og:image:width\" content=\"300\" \/>\n\t<meta property=\"og:image:height\" content=\"300\" \/>\n\t<meta property=\"og:image:type\" content=\"image\/jpeg\" \/>\n<meta name=\"twitter:card\" content=\"summary_large_image\" \/>\n<meta name=\"twitter:site\" content=\"@thomasHuebl\" \/>\n<meta name=\"twitter:label1\" content=\"Est. reading time\" \/>\n\t<meta name=\"twitter:data1\" content=\"2 minutes\" \/>\n<script type=\"application\/ld+json\" class=\"yoast-schema-graph\">{\"@context\":\"https:\/\/schema.org\",\"@graph\":[{\"@type\":\"WebPage\",\"@id\":\"https:\/\/store.thomashuebl.com\/en\/produkt\/principios-misticos-en-la-vida-cotidiana\/\",\"url\":\"https:\/\/store.thomashuebl.com\/en\/produkt\/principios-misticos-en-la-vida-cotidiana\/\",\"name\":\"Principios M\u00edsticos En La Vida Cotidiana - Thomas H\u00fcbl Media Store\",\"isPartOf\":{\"@id\":\"https:\/\/store.thomashuebl.com\/#website\"},\"primaryImageOfPage\":{\"@id\":\"https:\/\/store.thomashuebl.com\/en\/produkt\/principios-misticos-en-la-vida-cotidiana\/#primaryimage\"},\"image\":{\"@id\":\"https:\/\/store.thomashuebl.com\/en\/produkt\/principios-misticos-en-la-vida-cotidiana\/#primaryimage\"},\"thumbnailUrl\":\"https:\/\/store.thomashuebl.com\/wp-content\/uploads\/principos-misticos-en-la-vida-cotidiana-300x300-1.jpg\",\"datePublished\":\"2023-01-18T12:10:36+00:00\",\"dateModified\":\"2025-12-16T15:31:23+00:00\",\"breadcrumb\":{\"@id\":\"https:\/\/store.thomashuebl.com\/en\/produkt\/principios-misticos-en-la-vida-cotidiana\/#breadcrumb\"},\"inLanguage\":\"en-US\",\"potentialAction\":[{\"@type\":\"ReadAction\",\"target\":[\"https:\/\/store.thomashuebl.com\/en\/produkt\/principios-misticos-en-la-vida-cotidiana\/\"]}]},{\"@type\":\"ImageObject\",\"inLanguage\":\"en-US\",\"@id\":\"https:\/\/store.thomashuebl.com\/en\/produkt\/principios-misticos-en-la-vida-cotidiana\/#primaryimage\",\"url\":\"https:\/\/store.thomashuebl.com\/wp-content\/uploads\/principos-misticos-en-la-vida-cotidiana-300x300-1.jpg\",\"contentUrl\":\"https:\/\/store.thomashuebl.com\/wp-content\/uploads\/principos-misticos-en-la-vida-cotidiana-300x300-1.jpg\",\"width\":300,\"height\":300},{\"@type\":\"BreadcrumbList\",\"@id\":\"https:\/\/store.thomashuebl.com\/en\/produkt\/principios-misticos-en-la-vida-cotidiana\/#breadcrumb\",\"itemListElement\":[{\"@type\":\"ListItem\",\"position\":1,\"name\":\"Startseite\",\"item\":\"https:\/\/store.thomashuebl.com\/en\/start\/\"},{\"@type\":\"ListItem\",\"position\":2,\"name\":\"Shop\",\"item\":\"https:\/\/store.thomashuebl.com\/en\/shop\/\"},{\"@type\":\"ListItem\",\"position\":3,\"name\":\"Principios M\u00edsticos En La Vida Cotidiana\"}]},{\"@type\":\"WebSite\",\"@id\":\"https:\/\/store.thomashuebl.com\/#website\",\"url\":\"https:\/\/store.thomashuebl.com\/\",\"name\":\"Thomas H\u00fcbl Media Store\",\"description\":\"\",\"publisher\":{\"@id\":\"https:\/\/store.thomashuebl.com\/#organization\"},\"potentialAction\":[{\"@type\":\"SearchAction\",\"target\":{\"@type\":\"EntryPoint\",\"urlTemplate\":\"https:\/\/store.thomashuebl.com\/?s={search_term_string}\"},\"query-input\":{\"@type\":\"PropertyValueSpecification\",\"valueRequired\":true,\"valueName\":\"search_term_string\"}}],\"inLanguage\":\"en-US\"},{\"@type\":\"Organization\",\"@id\":\"https:\/\/store.thomashuebl.com\/#organization\",\"name\":\"Sharing the Presence GmbH \u2013 Thomas H\u00fcbl\",\"url\":\"https:\/\/store.thomashuebl.com\/\",\"logo\":{\"@type\":\"ImageObject\",\"inLanguage\":\"en-US\",\"@id\":\"https:\/\/store.thomashuebl.com\/#\/schema\/logo\/image\/\",\"url\":\"https:\/\/store.thomashuebl.com\/wp-content\/uploads\/Thomas-Huebl.gif\",\"contentUrl\":\"https:\/\/store.thomashuebl.com\/wp-content\/uploads\/Thomas-Huebl.gif\",\"width\":480,\"height\":82,\"caption\":\"Sharing the Presence GmbH \u2013 Thomas H\u00fcbl\"},\"image\":{\"@id\":\"https:\/\/store.thomashuebl.com\/#\/schema\/logo\/image\/\"},\"sameAs\":[\"https:\/\/www.facebook.com\/Thomas.Huebl.Sangha\/\",\"https:\/\/x.com\/thomasHuebl\",\"https:\/\/www.instagram.com\/thomashuebl\/\",\"https:\/\/www.youtube.com\/user\/thomashuebl\"]}]}<\/script>\n<!-- \/ Yoast SEO plugin. -->","yoast_head_json":{"title":"Principios M\u00edsticos En La Vida Cotidiana - Thomas H\u00fcbl Media Store","robots":{"index":"index","follow":"follow","max-snippet":"max-snippet:-1","max-image-preview":"max-image-preview:large","max-video-preview":"max-video-preview:-1"},"canonical":"https:\/\/store.thomashuebl.com\/en\/produkt\/principios-misticos-en-la-vida-cotidiana\/","og_locale":"en_US","og_type":"article","og_title":"Principios M\u00edsticos En La Vida Cotidiana - Thomas H\u00fcbl Media Store","og_description":"A dialogue between the spiritual teacher Thomas H\u00fcbl and the legal scholar and entrepreneur Stephan Breidenbach about mystical principles in everyday life. How can our lives become more flowing, more conscious, more full? How do we integrate spiritual knowledge in the marketplace?","og_url":"https:\/\/store.thomashuebl.com\/en\/produkt\/principios-misticos-en-la-vida-cotidiana\/","og_site_name":"Thomas H\u00fcbl Media Store","article_publisher":"https:\/\/www.facebook.com\/Thomas.Huebl.Sangha\/","article_modified_time":"2025-12-16T15:31:23+00:00","og_image":[{"width":300,"height":300,"url":"https:\/\/store.thomashuebl.com\/wp-content\/uploads\/principos-misticos-en-la-vida-cotidiana-300x300-1.jpg","type":"image\/jpeg"}],"twitter_card":"summary_large_image","twitter_site":"@thomasHuebl","twitter_misc":{"Est. reading time":"2 minutes"},"schema":{"@context":"https:\/\/schema.org","@graph":[{"@type":"WebPage","@id":"https:\/\/store.thomashuebl.com\/en\/produkt\/principios-misticos-en-la-vida-cotidiana\/","url":"https:\/\/store.thomashuebl.com\/en\/produkt\/principios-misticos-en-la-vida-cotidiana\/","name":"Principios M\u00edsticos En La Vida Cotidiana - Thomas H\u00fcbl Media Store","isPartOf":{"@id":"https:\/\/store.thomashuebl.com\/#website"},"primaryImageOfPage":{"@id":"https:\/\/store.thomashuebl.com\/en\/produkt\/principios-misticos-en-la-vida-cotidiana\/#primaryimage"},"image":{"@id":"https:\/\/store.thomashuebl.com\/en\/produkt\/principios-misticos-en-la-vida-cotidiana\/#primaryimage"},"thumbnailUrl":"https:\/\/store.thomashuebl.com\/wp-content\/uploads\/principos-misticos-en-la-vida-cotidiana-300x300-1.jpg","datePublished":"2023-01-18T12:10:36+00:00","dateModified":"2025-12-16T15:31:23+00:00","breadcrumb":{"@id":"https:\/\/store.thomashuebl.com\/en\/produkt\/principios-misticos-en-la-vida-cotidiana\/#breadcrumb"},"inLanguage":"en-US","potentialAction":[{"@type":"ReadAction","target":["https:\/\/store.thomashuebl.com\/en\/produkt\/principios-misticos-en-la-vida-cotidiana\/"]}]},{"@type":"ImageObject","inLanguage":"en-US","@id":"https:\/\/store.thomashuebl.com\/en\/produkt\/principios-misticos-en-la-vida-cotidiana\/#primaryimage","url":"https:\/\/store.thomashuebl.com\/wp-content\/uploads\/principos-misticos-en-la-vida-cotidiana-300x300-1.jpg","contentUrl":"https:\/\/store.thomashuebl.com\/wp-content\/uploads\/principos-misticos-en-la-vida-cotidiana-300x300-1.jpg","width":300,"height":300},{"@type":"BreadcrumbList","@id":"https:\/\/store.thomashuebl.com\/en\/produkt\/principios-misticos-en-la-vida-cotidiana\/#breadcrumb","itemListElement":[{"@type":"ListItem","position":1,"name":"Startseite","item":"https:\/\/store.thomashuebl.com\/en\/start\/"},{"@type":"ListItem","position":2,"name":"Shop","item":"https:\/\/store.thomashuebl.com\/en\/shop\/"},{"@type":"ListItem","position":3,"name":"Principios M\u00edsticos En La Vida Cotidiana"}]},{"@type":"WebSite","@id":"https:\/\/store.thomashuebl.com\/#website","url":"https:\/\/store.thomashuebl.com\/","name":"Thomas H\u00fcbl Media Store","description":"","publisher":{"@id":"https:\/\/store.thomashuebl.com\/#organization"},"potentialAction":[{"@type":"SearchAction","target":{"@type":"EntryPoint","urlTemplate":"https:\/\/store.thomashuebl.com\/?s={search_term_string}"},"query-input":{"@type":"PropertyValueSpecification","valueRequired":true,"valueName":"search_term_string"}}],"inLanguage":"en-US"},{"@type":"Organization","@id":"https:\/\/store.thomashuebl.com\/#organization","name":"Sharing the Presence GmbH \u2013 Thomas H\u00fcbl","url":"https:\/\/store.thomashuebl.com\/","logo":{"@type":"ImageObject","inLanguage":"en-US","@id":"https:\/\/store.thomashuebl.com\/#\/schema\/logo\/image\/","url":"https:\/\/store.thomashuebl.com\/wp-content\/uploads\/Thomas-Huebl.gif","contentUrl":"https:\/\/store.thomashuebl.com\/wp-content\/uploads\/Thomas-Huebl.gif","width":480,"height":82,"caption":"Sharing the Presence GmbH \u2013 Thomas H\u00fcbl"},"image":{"@id":"https:\/\/store.thomashuebl.com\/#\/schema\/logo\/image\/"},"sameAs":["https:\/\/www.facebook.com\/Thomas.Huebl.Sangha\/","https:\/\/x.com\/thomasHuebl","https:\/\/www.instagram.com\/thomashuebl\/","https:\/\/www.youtube.com\/user\/thomashuebl"]}]}},"_links":{"self":[{"href":"https:\/\/store.thomashuebl.com\/en\/wp-json\/wp\/v2\/product\/10364","targetHints":{"allow":["GET"]}}],"collection":[{"href":"https:\/\/store.thomashuebl.com\/en\/wp-json\/wp\/v2\/product"}],"about":[{"href":"https:\/\/store.thomashuebl.com\/en\/wp-json\/wp\/v2\/types\/product"}],"wp:featuredmedia":[{"embeddable":true,"href":"https:\/\/store.thomashuebl.com\/en\/wp-json\/wp\/v2\/media\/10368"}],"wp:attachment":[{"href":"https:\/\/store.thomashuebl.com\/en\/wp-json\/wp\/v2\/media?parent=10364"}],"wp:term":[{"taxonomy":"product_cat","embeddable":true,"href":"https:\/\/store.thomashuebl.com\/en\/wp-json\/wp\/v2\/product_cat?post=10364"},{"taxonomy":"product_tag","embeddable":true,"href":"https:\/\/store.thomashuebl.com\/en\/wp-json\/wp\/v2\/product_tag?post=10364"}],"curies":[{"name":"wp","href":"https:\/\/api.w.org\/{rel}","templated":true}]}}